{"id":658,"date":"2022-11-08T13:49:09","date_gmt":"2022-11-08T12:49:09","guid":{"rendered":"http:\/\/ew-invest.expromo.org\/?page_id=658"},"modified":"2023-01-26T12:43:41","modified_gmt":"2023-01-26T11:43:41","slug":"t2-320","status":"publish","type":"page","link":"https:\/\/ew-invest.com\/en\/products\/compensation-rings-t1\/compensation-rings-dn-320-t1-i-t2\/t2-320\/","title":{"rendered":"T2\/320"},"content":{"rendered":"<p>Compensation rings with chop for placement near kerb. Rings with DN\/ID diameter of 320 mm used to adjust the height of DN400 and DN450 concrete wells acc. to DIN 4052, as well as DN300 and DN315 plastic wells (as a reduction on T3\/315 relief cone). Used to adjust the height and installation of manholes with ext. round body plate of max. \u00d8480mm and as a leading ring for self-levelling manholes and drain with external leading pipe diameter of \u00d8308\u00f7315mm.<\/p>\n","protected":false},"excerpt":{"rendered":"<p>Compensation rings with chop for placement near kerb. Rings with DN\/ID diameter of 320 mm used to adjust the height of DN400 and DN450 concrete wells acc. to DIN 4052, as well as DN300 and DN315 plastic wells (as a&#8230;<\/p>\n","protected":false},"author":1,"featured_media":521,"parent":656,"menu_order":0,"comment_status":"closed","ping_status":"closed","template":"","meta":{"_acf_changed":false,"inline_featured_image":false,"footnotes":""},"class_list":["post-658","page","type-page","status-publish","has-post-thumbnail"],"acf":[],"aioseo_notices":[],"_links":{"self":[{"href":"https:\/\/ew-invest.com\/en\/wp-json\/wp\/v2\/pages\/658","targetHints":{"allow":["GET"]}}],"collection":[{"href":"https:\/\/ew-invest.com\/en\/wp-json\/wp\/v2\/pages"}],"about":[{"href":"https:\/\/ew-invest.com\/en\/wp-json\/wp\/v2\/types\/page"}],"author":[{"embeddable":true,"href":"https:\/\/ew-invest.com\/en\/wp-json\/wp\/v2\/users\/1"}],"replies":[{"embeddable":true,"href":"https:\/\/ew-invest.com\/en\/wp-json\/wp\/v2\/comments?post=658"}],"version-history":[{"count":4,"href":"https:\/\/ew-invest.com\/en\/wp-json\/wp\/v2\/pages\/658\/revisions"}],"predecessor-version":[{"id":1727,"href":"https:\/\/ew-invest.com\/en\/wp-json\/wp\/v2\/pages\/658\/revisions\/1727"}],"up":[{"embeddable":true,"href":"https:\/\/ew-invest.com\/en\/wp-json\/wp\/v2\/pages\/656"}],"wp:featuredmedia":[{"embeddable":true,"href":"https:\/\/ew-invest.com\/en\/wp-json\/wp\/v2\/media\/521"}],"wp:attachment":[{"href":"https:\/\/ew-invest.com\/en\/wp-json\/wp\/v2\/media?parent=658"}],"curies":[{"name":"wp","href":"https:\/\/api.w.org\/{rel}","templated":true}]}}