{"id":630,"date":"2022-11-23T13:00:00","date_gmt":"2022-11-23T12:00:00","guid":{"rendered":"http:\/\/ew-invest.expromo.org\/?page_id=630"},"modified":"2022-12-12T16:08:46","modified_gmt":"2022-12-12T15:08:46","slug":"national-declarations-of-performance","status":"publish","type":"page","link":"https:\/\/ew-invest.com\/en\/for-customers\/national-declarations-of-performance\/","title":{"rendered":"National declarations of performance"},"content":{"rendered":"[vc_row type=&#8221;full_width_background&#8221; full_screen_row_position=&#8221;middle&#8221; column_margin=&#8221;default&#8221; column_direction=&#8221;default&#8221; column_direction_tablet=&#8221;default&#8221; column_direction_phone=&#8221;default&#8221; scene_position=&#8221;center&#8221; bottom_margin=&#8221;50&#8243; text_color=&#8221;light&#8221; text_align=&#8221;left&#8221; row_border_radius=&#8221;none&#8221; row_border_radius_applies=&#8221;bg&#8221; overflow=&#8221;visible&#8221; class=&#8221;pageTitle&#8221; overlay_strength=&#8221;0.3&#8243; gradient_direction=&#8221;left_to_right&#8221; shape_divider_position=&#8221;bottom&#8221; bg_image_animation=&#8221;none&#8221; gradient_type=&#8221;default&#8221; shape_type=&#8221;&#8221;][vc_column column_padding=&#8221;no-extra-padding&#8221; column_padding_tablet=&#8221;inherit&#8221; column_padding_phone=&#8221;inherit&#8221; column_padding_position=&#8221;all&#8221; column_element_direction_desktop=&#8221;default&#8221; column_element_spacing=&#8221;default&#8221; desktop_text_alignment=&#8221;default&#8221; tablet_text_alignment=&#8221;default&#8221; phone_text_alignment=&#8221;default&#8221; background_color_opacity=&#8221;1&#8243; background_hover_color_opacity=&#8221;1&#8243; column_backdrop_filter=&#8221;none&#8221; column_shadow=&#8221;none&#8221; column_border_radius=&#8221;none&#8221; column_link_target=&#8221;_self&#8221; column_position=&#8221;default&#8221; gradient_direction=&#8221;left_to_right&#8221; overlay_strength=&#8221;0.3&#8243; width=&#8221;1\/1&#8243; tablet_width_inherit=&#8221;default&#8221; animation_type=&#8221;default&#8221; bg_image_animation=&#8221;none&#8221; border_type=&#8221;simple&#8221; column_border_width=&#8221;none&#8221; column_border_style=&#8221;solid&#8221;][vc_column_text]\n<h1>National declarations of performance<\/h1>\n[\/vc_column_text][\/vc_column][\/vc_row][vc_row type=&#8221;in_container&#8221; full_screen_row_position=&#8221;middle&#8221; column_margin=&#8221;default&#8221; column_direction=&#8221;default&#8221; column_direction_tablet=&#8221;default&#8221; column_direction_phone=&#8221;default&#8221; scene_position=&#8221;center&#8221; text_color=&#8221;dark&#8221; text_align=&#8221;left&#8221; row_border_radius=&#8221;none&#8221; row_border_radius_applies=&#8221;bg&#8221; overflow=&#8221;visible&#8221; overlay_strength=&#8221;0.3&#8243; gradient_direction=&#8221;left_to_right&#8221; shape_divider_position=&#8221;bottom&#8221; bg_image_animation=&#8221;none&#8221;][vc_column column_padding=&#8221;no-extra-padding&#8221; column_padding_tablet=&#8221;inherit&#8221; column_padding_phone=&#8221;inherit&#8221; column_padding_position=&#8221;all&#8221; column_element_direction_desktop=&#8221;default&#8221; column_element_spacing=&#8221;default&#8221; desktop_text_alignment=&#8221;default&#8221; tablet_text_alignment=&#8221;default&#8221; phone_text_alignment=&#8221;default&#8221; background_color_opacity=&#8221;1&#8243; background_hover_color_opacity=&#8221;1&#8243; column_backdrop_filter=&#8221;none&#8221; column_shadow=&#8221;none&#8221; column_border_radius=&#8221;none&#8221; column_link_target=&#8221;_self&#8221; column_position=&#8221;default&#8221; gradient_direction=&#8221;left_to_right&#8221; overlay_strength=&#8221;0.3&#8243; width=&#8221;1\/1&#8243; tablet_width_inherit=&#8221;default&#8221; animation_type=&#8221;default&#8221; bg_image_animation=&#8221;none&#8221; border_type=&#8221;simple&#8221; column_border_width=&#8221;none&#8221; column_border_style=&#8221;solid&#8221;][vc_column_text]<div class=\"deklaracje_wrap\">\n\t\t<div class=\"single-deklaracja\">\n\t\t\t<a href=\"https:\/\/ew-invest.com\/wp-content\/uploads\/2023\/01\/KDWU_ANG_01.22-compensation-ring-T1-320_T1-435_T2-320.pdf\" target=\"_blank\">\n\t\t\t\t<div class=\"dek-title\">KDWU_ANG_01.22 compensation ring T1 320_T1 435_T2 320<\/div>\n\t\t\t\t<div class=\"dek-filesize\">212 kB<\/div>\n\t\t\t\t<div class=\"dek-date\">26-01-2023<\/div>\n\t\t\t<\/a>\n\t\t<\/div>\n\t\t\n\t\t<div class=\"single-deklaracja\">\n\t\t\t<a href=\"https:\/\/ew-invest.com\/wp-content\/uploads\/2023\/01\/KDWU_ANG_02.22_compensation-ring-T1.500-T2.500_.pdf\" target=\"_blank\">\n\t\t\t\t<div class=\"dek-title\">KDWU_ANG_02.22_compensation ring T1.500-T2.500_<\/div>\n\t\t\t\t<div class=\"dek-filesize\">211 kB<\/div>\n\t\t\t\t<div class=\"dek-date\">26-01-2023<\/div>\n\t\t\t<\/a>\n\t\t<\/div>\n\t\t\n\t\t<div class=\"single-deklaracja\">\n\t\t\t<a href=\"https:\/\/ew-invest.com\/wp-content\/uploads\/2023\/01\/KDWU_ANG_03.22-compensation-ring-T1.600-T1.620-T1.620C-T1.625-T1R.625doc.pdf\" target=\"_blank\">\n\t\t\t\t<div class=\"dek-title\">KDWU_ANG_03.22 compensation ring T1.600-T1.620-T1.620C-T1.625-T1R.625doc<\/div>\n\t\t\t\t<div class=\"dek-filesize\">211 kB<\/div>\n\t\t\t\t<div class=\"dek-date\">26-01-2023<\/div>\n\t\t\t<\/a>\n\t\t<\/div>\n\t\t\n\t\t<div class=\"single-deklaracja\">\n\t\t\t<a href=\"https:\/\/ew-invest.com\/wp-content\/uploads\/2023\/01\/KDWU_ANG_03.22-compensation-ring-T1.600-T1.620-T1.620C-T1.625-T1R.625doc.pdf\" target=\"_blank\">\n\t\t\t\t<div class=\"dek-title\">KDWU_ANG_03.22 compensation ring T1.600-T1.620-T1.620C-T1.625-T1R.625doc<\/div>\n\t\t\t\t<div class=\"dek-filesize\">211 kB<\/div>\n\t\t\t\t<div class=\"dek-date\">26-01-2023<\/div>\n\t\t\t<\/a>\n\t\t<\/div>\n\t\t\n\t\t<div class=\"single-deklaracja\">\n\t\t\t<a href=\"https:\/\/ew-invest.com\/wp-content\/uploads\/2023\/01\/KDWU_ANG_04.22-compensation-ring-T1N.650-T1.700-T1.800__.pdf\" target=\"_blank\">\n\t\t\t\t<div class=\"dek-title\">KDWU_ANG_04.22 compensation ring T1N.650-T1.700-T1.800__<\/div>\n\t\t\t\t<div class=\"dek-filesize\">211 kB<\/div>\n\t\t\t\t<div class=\"dek-date\">26-01-2023<\/div>\n\t\t\t<\/a>\n\t\t<\/div>\n\t\t\n\t\t<div class=\"single-deklaracja\">\n\t\t\t<a href=\"https:\/\/ew-invest.com\/wp-content\/uploads\/2023\/01\/KDWU_ANG_05.22-Relief-cone-T3-kl.D400__.pdf\" target=\"_blank\">\n\t\t\t\t<div class=\"dek-title\">KDWU_ANG_05.22 Relief cone T3 kl.D400__<\/div>\n\t\t\t\t<div class=\"dek-filesize\">211 kB<\/div>\n\t\t\t\t<div class=\"dek-date\">26-01-2023<\/div>\n\t\t\t<\/a>\n\t\t<\/div>\n\t\t\n\t\t<div class=\"single-deklaracja\">\n\t\t\t<a href=\"https:\/\/ew-invest.com\/wp-content\/uploads\/2023\/01\/KDWU_ANG_06.22-Relief-cone-T3-kl.B125__.pdf\" target=\"_blank\">\n\t\t\t\t<div class=\"dek-title\">KDWU_ANG_06.22 Relief cone T3 kl.B125__<\/div>\n\t\t\t\t<div class=\"dek-filesize\">211 kB<\/div>\n\t\t\t\t<div class=\"dek-date\">26-01-2023<\/div>\n\t\t\t<\/a>\n\t\t<\/div>\n\t\t\n\t\t<div class=\"single-deklaracja\">\n\t\t\t<a href=\"https:\/\/ew-invest.com\/wp-content\/uploads\/2023\/01\/KDWU_ANG_07.22-Adapters-for-inlets-and-manholes.pdf\" target=\"_blank\">\n\t\t\t\t<div class=\"dek-title\">KDWU_ANG_07.22 Adapters for inlets and manholes<\/div>\n\t\t\t\t<div class=\"dek-filesize\">211 kB<\/div>\n\t\t\t\t<div class=\"dek-date\">26-01-2023<\/div>\n\t\t\t<\/a>\n\t\t<\/div>\n\t\t\n\t\t<div class=\"single-deklaracja\">\n\t\t\t<a href=\"https:\/\/ew-invest.com\/wp-content\/uploads\/2023\/01\/KDWU_ANG_08.22-Guide-rings-for-TXS-self-levelling-covers-TXS.pdf\" target=\"_blank\">\n\t\t\t\t<div class=\"dek-title\">KDWU_ANG_08.22 Guide rings for TXS self-levelling covers TXS<\/div>\n\t\t\t\t<div class=\"dek-filesize\">211 kB<\/div>\n\t\t\t\t<div class=\"dek-date\">26-01-2023<\/div>\n\t\t\t<\/a>\n\t\t<\/div>\n\t\t\n\t\t<div class=\"single-deklaracja\">\n\t\t\t<a href=\"https:\/\/ew-invest.com\/wp-content\/uploads\/2023\/01\/KDWU_ANG_08.22-Pierscienie-prowadzace-do-wlazow-samopoziomujacych-TXS_.pdf\" target=\"_blank\">\n\t\t\t\t<div class=\"dek-title\">KDWU_ANG_08.22 Pier\u015bcienie prowadz\u0105ce do w\u0142az\u00f3w samopoziomuj\u0105cych TXS_<\/div>\n\t\t\t\t<div class=\"dek-filesize\">211 kB<\/div>\n\t\t\t\t<div class=\"dek-date\">25-01-2023<\/div>\n\t\t\t<\/a>\n\t\t<\/div>\n\t\t\n\t\t<div class=\"single-deklaracja\">\n\t\t\t<a href=\"https:\/\/ew-invest.com\/wp-content\/uploads\/2023\/01\/KDWU_ANG_09.22-Adapters-for-telescopic-hatches-and-street-boxes.pdf\" target=\"_blank\">\n\t\t\t\t<div class=\"dek-title\">KDWU_ANG_09.22 Adapters for telescopic hatches and street boxes<\/div>\n\t\t\t\t<div class=\"dek-filesize\">211 kB<\/div>\n\t\t\t\t<div class=\"dek-date\">26-01-2023<\/div>\n\t\t\t<\/a>\n\t\t<\/div>\n\t\t\n\t\t<div class=\"single-deklaracja\">\n\t\t\t<a href=\"https:\/\/ew-invest.com\/wp-content\/uploads\/2023\/01\/KDWU_ANG_10.22-Supporting-and-covering-elements.pdf\" target=\"_blank\">\n\t\t\t\t<div class=\"dek-title\">KDWU_ANG_10.22 Supporting and covering elements<\/div>\n\t\t\t\t<div class=\"dek-filesize\">211 kB<\/div>\n\t\t\t\t<div class=\"dek-date\">26-01-2023<\/div>\n\t\t\t<\/a>\n\t\t<\/div>\n\t\t\n\t\t<div class=\"single-deklaracja\">\n\t\t\t<a href=\"https:\/\/ew-invest.com\/wp-content\/uploads\/2023\/01\/KDWU_ANG_11.22-Rings-prefabricated-ECO2.pdf\" target=\"_blank\">\n\t\t\t\t<div class=\"dek-title\">KDWU_ANG_11.22 Rings, prefabricated ECO2<\/div>\n\t\t\t\t<div class=\"dek-filesize\">211 kB<\/div>\n\t\t\t\t<div class=\"dek-date\">26-01-2023<\/div>\n\t\t\t<\/a>\n\t\t<\/div>\n\t\t\n\t\t<div class=\"single-deklaracja\">\n\t\t\t<a href=\"https:\/\/ew-invest.com\/wp-content\/uploads\/2023\/01\/KDWU_ANG_12.22-RELIEVING-FOUNDATION-SLABS-T04-T06.pdf\" target=\"_blank\">\n\t\t\t\t<div class=\"dek-title\">KDWU_ANG_12.22 RELIEVING FOUNDATION SLABS T04-T06<\/div>\n\t\t\t\t<div class=\"dek-filesize\">211 kB<\/div>\n\t\t\t\t<div class=\"dek-date\">26-01-2023<\/div>\n\t\t\t<\/a>\n\t\t<\/div>\n\t\t\n\t\t<div class=\"single-deklaracja\">\n\t\t\t<a href=\"https:\/\/ew-invest.com\/wp-content\/uploads\/2023\/01\/KDWU_ANG_12.22-RELIEVING-FOUNDATION-SLABS-T04-T06.pdf\" target=\"_blank\">\n\t\t\t\t<div class=\"dek-title\">KDWU_ANG_12.22 RELIEVING FOUNDATION SLABS T04-T06<\/div>\n\t\t\t\t<div class=\"dek-filesize\">211 kB<\/div>\n\t\t\t\t<div class=\"dek-date\">26-01-2023<\/div>\n\t\t\t<\/a>\n\t\t<\/div>\n\t\t\n\t\t<div class=\"single-deklaracja\">\n\t\t\t<a href=\"https:\/\/ew-invest.com\/wp-content\/uploads\/2023\/03\/KDWU_ANG_12.22-RELIEVING-FOUNDATION-SLABS-T04-T06.pdf\" target=\"_blank\">\n\t\t\t\t<div class=\"dek-title\">KDWU_ANG_12.22 RELIEVING FOUNDATION SLABS T04-T06<\/div>\n\t\t\t\t<div class=\"dek-filesize\">211 kB<\/div>\n\t\t\t\t<div class=\"dek-date\">03-03-2023<\/div>\n\t\t\t<\/a>\n\t\t<\/div>\n\t\t\n\t\t<div class=\"single-deklaracja\">\n\t\t\t<a href=\"https:\/\/ew-invest.com\/wp-content\/uploads\/2023\/01\/KDWU_ANG_13.22-Square-rings-T6.IT_.pdf\" target=\"_blank\">\n\t\t\t\t<div class=\"dek-title\">KDWU_ANG_13.22 Square rings T6.IT<\/div>\n\t\t\t\t<div class=\"dek-filesize\">211 kB<\/div>\n\t\t\t\t<div class=\"dek-date\">26-01-2023<\/div>\n\t\t\t<\/a>\n\t\t<\/div>\n\t\t\n\t\t<div class=\"single-deklaracja\">\n\t\t\t<a href=\"https:\/\/ew-invest.com\/wp-content\/uploads\/2023\/01\/KDWU_ANG_14.22-Safety-covers-T4-T5.pdf\" target=\"_blank\">\n\t\t\t\t<div class=\"dek-title\">KDWU_ANG_14.22 Safety covers T4 T5<\/div>\n\t\t\t\t<div class=\"dek-filesize\">212 kB<\/div>\n\t\t\t\t<div class=\"dek-date\">26-01-2023<\/div>\n\t\t\t<\/a>\n\t\t<\/div>\n\t\t\n\t\t<div class=\"single-deklaracja\">\n\t\t\t<a href=\"https:\/\/ew-invest.com\/wp-content\/uploads\/2023\/01\/KDWU_ANG_14.22-Safety-covers-T4-T5.pdf\" target=\"_blank\">\n\t\t\t\t<div class=\"dek-title\">KDWU_ANG_14.22 Safety covers T4 T5<\/div>\n\t\t\t\t<div class=\"dek-filesize\">212 kB<\/div>\n\t\t\t\t<div class=\"dek-date\">26-01-2023<\/div>\n\t\t\t<\/a>\n\t\t<\/div>\n\t\t<\/div>[\/vc_column_text][\/vc_column][\/vc_row]\n","protected":false},"excerpt":{"rendered":"<p>[vc_row type=&#8221;full_width_background&#8221; full_screen_row_position=&#8221;middle&#8221; column_margin=&#8221;default&#8221; column_direction=&#8221;default&#8221; column_direction_tablet=&#8221;default&#8221; column_direction_phone=&#8221;default&#8221; scene_position=&#8221;center&#8221; bottom_margin=&#8221;50&#8243; text_color=&#8221;light&#8221; text_align=&#8221;left&#8221; row_border_radius=&#8221;none&#8221; row_border_radius_applies=&#8221;bg&#8221; overflow=&#8221;visible&#8221; class=&#8221;pageTitle&#8221; overlay_strength=&#8221;0.3&#8243; gradient_direction=&#8221;left_to_right&#8221; shape_divider_position=&#8221;bottom&#8221; bg_image_animation=&#8221;none&#8221; gradient_type=&#8221;default&#8221; shape_type=&#8221;&#8221;][vc_column column_padding=&#8221;no-extra-padding&#8221; column_padding_tablet=&#8221;inherit&#8221; column_padding_phone=&#8221;inherit&#8221; column_padding_position=&#8221;all&#8221; column_element_direction_desktop=&#8221;default&#8221; column_element_spacing=&#8221;default&#8221; desktop_text_alignment=&#8221;default&#8221; tablet_text_alignment=&#8221;default&#8221; phone_text_alignment=&#8221;default&#8221; background_color_opacity=&#8221;1&#8243; background_hover_color_opacity=&#8221;1&#8243; column_backdrop_filter=&#8221;none&#8221; column_shadow=&#8221;none&#8221; column_border_radius=&#8221;none&#8221; column_link_target=&#8221;_self&#8221; column_position=&#8221;default&#8221; gradient_direction=&#8221;left_to_right&#8221; overlay_strength=&#8221;0.3&#8243; width=&#8221;1\/1&#8243;&#8230;<\/p>\n","protected":false},"author":1,"featured_media":0,"parent":628,"menu_order":0,"comment_status":"closed","ping_status":"closed","template":"","meta":{"_acf_changed":false,"inline_featured_image":false,"footnotes":""},"class_list":["post-630","page","type-page","status-publish"],"acf":[],"aioseo_notices":[],"_links":{"self":[{"href":"https:\/\/ew-invest.com\/en\/wp-json\/wp\/v2\/pages\/630","targetHints":{"allow":["GET"]}}],"collection":[{"href":"https:\/\/ew-invest.com\/en\/wp-json\/wp\/v2\/pages"}],"about":[{"href":"https:\/\/ew-invest.com\/en\/wp-json\/wp\/v2\/types\/page"}],"author":[{"embeddable":true,"href":"https:\/\/ew-invest.com\/en\/wp-json\/wp\/v2\/users\/1"}],"replies":[{"embeddable":true,"href":"https:\/\/ew-invest.com\/en\/wp-json\/wp\/v2\/comments?post=630"}],"version-history":[{"count":1,"href":"https:\/\/ew-invest.com\/en\/wp-json\/wp\/v2\/pages\/630\/revisions"}],"predecessor-version":[{"id":634,"href":"https:\/\/ew-invest.com\/en\/wp-json\/wp\/v2\/pages\/630\/revisions\/634"}],"up":[{"embeddable":true,"href":"https:\/\/ew-invest.com\/en\/wp-json\/wp\/v2\/pages\/628"}],"wp:attachment":[{"href":"https:\/\/ew-invest.com\/en\/wp-json\/wp\/v2\/media?parent=630"}],"curies":[{"name":"wp","href":"https:\/\/api.w.org\/{rel}","templated":true}]}}