{"id":1587,"date":"2022-12-14T15:18:37","date_gmt":"2022-12-14T14:18:37","guid":{"rendered":"http:\/\/www2.ew-invest.com\/?page_id=1587"},"modified":"2023-01-26T12:34:50","modified_gmt":"2023-01-26T11:34:50","slug":"txp-425-k","status":"publish","type":"page","link":"https:\/\/ew-invest.com\/en\/products\/adapters-and-support-elements-tx-txo-txp\/for-telescopic-hatches-dn315-dn425-txp\/txp-425-k\/","title":{"rendered":"TXP\/425\/K"},"content":{"rendered":"<p>Due to the internal dimension of a cone and dimension of \u00d8425mm manhole body, for \u00d8425mm well is used adapter reducing the opening diameter and increasing the width of support for \u00d8425mm manhole that is placed between the cone and manhole. Required external diameter of the manhole loadbearing flange is \u00d8560mm. The adapter possesses a flange that additionally secures the adapter against a mutual movement in relation to a cone.<\/p>\n","protected":false},"excerpt":{"rendered":"<p>Due to the internal dimension of a cone and dimension of \u00d8425mm manhole body, for \u00d8425mm well is used adapter reducing the opening diameter and increasing the width of support for \u00d8425mm manhole that is placed between the cone and&#8230;<\/p>\n","protected":false},"author":2,"featured_media":985,"parent":639,"menu_order":0,"comment_status":"closed","ping_status":"closed","template":"","meta":{"_acf_changed":false,"inline_featured_image":false,"footnotes":""},"class_list":["post-1587","page","type-page","status-publish","has-post-thumbnail"],"acf":[],"aioseo_notices":[],"_links":{"self":[{"href":"https:\/\/ew-invest.com\/en\/wp-json\/wp\/v2\/pages\/1587","targetHints":{"allow":["GET"]}}],"collection":[{"href":"https:\/\/ew-invest.com\/en\/wp-json\/wp\/v2\/pages"}],"about":[{"href":"https:\/\/ew-invest.com\/en\/wp-json\/wp\/v2\/types\/page"}],"author":[{"embeddable":true,"href":"https:\/\/ew-invest.com\/en\/wp-json\/wp\/v2\/users\/2"}],"replies":[{"embeddable":true,"href":"https:\/\/ew-invest.com\/en\/wp-json\/wp\/v2\/comments?post=1587"}],"version-history":[{"count":2,"href":"https:\/\/ew-invest.com\/en\/wp-json\/wp\/v2\/pages\/1587\/revisions"}],"predecessor-version":[{"id":1717,"href":"https:\/\/ew-invest.com\/en\/wp-json\/wp\/v2\/pages\/1587\/revisions\/1717"}],"up":[{"embeddable":true,"href":"https:\/\/ew-invest.com\/en\/wp-json\/wp\/v2\/pages\/639"}],"wp:featuredmedia":[{"embeddable":true,"href":"https:\/\/ew-invest.com\/en\/wp-json\/wp\/v2\/media\/985"}],"wp:attachment":[{"href":"https:\/\/ew-invest.com\/en\/wp-json\/wp\/v2\/media?parent=1587"}],"curies":[{"name":"wp","href":"https:\/\/api.w.org\/{rel}","templated":true}]}}