{"id":1383,"date":"2022-12-13T14:54:10","date_gmt":"2022-12-13T13:54:10","guid":{"rendered":"http:\/\/ew-invest.expromo.org\/?page_id=1383"},"modified":"2023-01-26T12:47:07","modified_gmt":"2023-01-26T11:47:07","slug":"t1-435","status":"publish","type":"page","link":"https:\/\/ew-invest.com\/en\/products\/compensation-rings-t1\/compensation-rings-dn435-t1\/t1-435\/","title":{"rendered":"T1\/435"},"content":{"rendered":"<p>Rings used to adjust the height of DN425 and DN450 concrete wells acc. to DIN 4052 and DN400 plastic wells are installed on a T3\/400 relief cone. Used to adjust the height and installation of manholes with ext. round body plate of max. \u00d8570 mm and as a leading ring for D2 \u00d8405\u00f7420mm self-levelling manholes and drains (external dimension of the manhole leading pipe).<\/p>\n","protected":false},"excerpt":{"rendered":"<p>Rings used to adjust the height of DN425 and DN450 concrete wells acc. to DIN 4052 and DN400 plastic wells are installed on a T3\/400 relief cone. Used to adjust the height and installation of manholes with ext. round body&#8230;<\/p>\n","protected":false},"author":1,"featured_media":518,"parent":659,"menu_order":0,"comment_status":"closed","ping_status":"closed","template":"","meta":{"_acf_changed":false,"inline_featured_image":false,"footnotes":""},"class_list":["post-1383","page","type-page","status-publish","has-post-thumbnail"],"acf":[],"aioseo_notices":[],"_links":{"self":[{"href":"https:\/\/ew-invest.com\/en\/wp-json\/wp\/v2\/pages\/1383","targetHints":{"allow":["GET"]}}],"collection":[{"href":"https:\/\/ew-invest.com\/en\/wp-json\/wp\/v2\/pages"}],"about":[{"href":"https:\/\/ew-invest.com\/en\/wp-json\/wp\/v2\/types\/page"}],"author":[{"embeddable":true,"href":"https:\/\/ew-invest.com\/en\/wp-json\/wp\/v2\/users\/1"}],"replies":[{"embeddable":true,"href":"https:\/\/ew-invest.com\/en\/wp-json\/wp\/v2\/comments?post=1383"}],"version-history":[{"count":2,"href":"https:\/\/ew-invest.com\/en\/wp-json\/wp\/v2\/pages\/1383\/revisions"}],"predecessor-version":[{"id":1730,"href":"https:\/\/ew-invest.com\/en\/wp-json\/wp\/v2\/pages\/1383\/revisions\/1730"}],"up":[{"embeddable":true,"href":"https:\/\/ew-invest.com\/en\/wp-json\/wp\/v2\/pages\/659"}],"wp:featuredmedia":[{"embeddable":true,"href":"https:\/\/ew-invest.com\/en\/wp-json\/wp\/v2\/media\/518"}],"wp:attachment":[{"href":"https:\/\/ew-invest.com\/en\/wp-json\/wp\/v2\/media?parent=1383"}],"curies":[{"name":"wp","href":"https:\/\/api.w.org\/{rel}","templated":true}]}}